{"id":213,"date":"2021-02-11T13:49:01","date_gmt":"2021-02-11T16:49:01","guid":{"rendered":"http:\/\/eletricaima.com.br\/?post_type=product&#038;p=213"},"modified":"2021-02-11T14:29:30","modified_gmt":"2021-02-11T17:29:30","slug":"tartaruga","status":"publish","type":"product","link":"https:\/\/eletricaima.com.br\/?product=tartaruga","title":{"rendered":"TARTARUGA"},"content":{"rendered":"","protected":false},"excerpt":{"rendered":"<p>ESTE PRODUDO \u00c9 FEITO EM ALUNM\u00cdNIO E VIDRO, ALTA DURABILIDADE E RESISTENTE AS MUDAN\u00c7AS CLIM\u00c1TICAS<\/p>\n","protected":false},"featured_media":214,"comment_status":"open","ping_status":"closed","template":"","meta":{"spay_email":""},"class_list":{"0":"post-213","1":"product","2":"type-product","3":"status-publish","4":"has-post-thumbnail","6":"product_cat-iluminacao","8":"entry","9":"has-media","11":"first","12":"outofstock","13":"shipping-taxable","14":"purchasable","15":"product-type-simple","16":"has-product-nav","17":"col","18":"span_1_of_3","19":"owp-content-center","20":"owp-thumbs-layout-horizontal","21":"owp-btn-normal","22":"owp-tabs-layout-horizontal","23":"has-no-thumbnails"},"_links":{"self":[{"href":"https:\/\/eletricaima.com.br\/index.php?rest_route=\/wp\/v2\/product\/213","targetHints":{"allow":["GET"]}}],"collection":[{"href":"https:\/\/eletricaima.com.br\/index.php?rest_route=\/wp\/v2\/product"}],"about":[{"href":"https:\/\/eletricaima.com.br\/index.php?rest_route=\/wp\/v2\/types\/product"}],"replies":[{"embeddable":true,"href":"https:\/\/eletricaima.com.br\/index.php?rest_route=%2Fwp%2Fv2%2Fcomments&post=213"}],"version-history":[{"count":0,"href":"https:\/\/eletricaima.com.br\/index.php?rest_route=\/wp\/v2\/product\/213\/revisions"}],"wp:featuredmedia":[{"embeddable":true,"href":"https:\/\/eletricaima.com.br\/index.php?rest_route=\/wp\/v2\/media\/214"}],"wp:attachment":[{"href":"https:\/\/eletricaima.com.br\/index.php?rest_route=%2Fwp%2Fv2%2Fmedia&parent=213"}],"curies":[{"name":"wp","href":"https:\/\/api.w.org\/{rel}","templated":true}]}}