{"id":35,"date":"2021-02-09T16:17:59","date_gmt":"2021-02-09T19:17:59","guid":{"rendered":"http:\/\/eletricaima.com.br\/?page_id=35"},"modified":"2021-03-23T13:10:00","modified_gmt":"2021-03-23T16:10:00","slug":"manutencao","status":"publish","type":"page","link":"https:\/\/eletricaima.com.br\/?page_id=35","title":{"rendered":"MANUTEN\u00c7\u00c3O"},"content":{"rendered":"\t\t<div data-elementor-type=\"wp-page\" data-elementor-id=\"35\" class=\"elementor elementor-35\" data-elementor-settings=\"[]\">\n\t\t\t\t\t\t<div class=\"elementor-inner\">\n\t\t\t\t\t\t\t<div class=\"elementor-section-wrap\">\n\t\t\t\t\t\t\t<section class=\"elementor-section elementor-top-section elementor-element elementor-element-48dc72f elementor-section-boxed elementor-section-height-default elementor-section-height-default\" data-id=\"48dc72f\" data-element_type=\"section\">\n\t\t\t\t\t\t<div class=\"elementor-container elementor-column-gap-default\">\n\t\t\t\t\t\t\t<div class=\"elementor-row\">\n\t\t\t\t\t<div class=\"elementor-column elementor-col-100 elementor-top-column elementor-element elementor-element-8ec963e\" data-id=\"8ec963e\" data-element_type=\"column\">\n\t\t\t<div class=\"elementor-column-wrap elementor-element-populated\">\n\t\t\t\t\t\t\t<div class=\"elementor-widget-wrap\">\n\t\t\t\t\t\t<div class=\"elementor-element elementor-element-96336e5 elementor-widget elementor-widget-heading\" data-id=\"96336e5\" data-element_type=\"widget\" data-widget_type=\"heading.default\">\n\t\t\t\t<div class=\"elementor-widget-container\">\n\t\t\t<h1 class=\"elementor-heading-title elementor-size-default\">BREVE AQUI, A MELHOR E MAIS COMPLETA LOJA DE MATERIAIS EL\u00c9TRICOS DE CARM\u00d3POLIS DE MINAS E REGI\u00c3O, AGUARDEM!<\/h1>\t\t<\/div>\n\t\t\t\t<\/div>\n\t\t\t\t\t\t<\/div>\n\t\t\t\t\t<\/div>\n\t\t<\/div>\n\t\t\t\t\t\t\t\t<\/div>\n\t\t\t\t\t<\/div>\n\t\t<\/section>\n\t\t\t\t<section class=\"elementor-section elementor-top-section elementor-element elementor-element-d05034c elementor-section-stretched elementor-section-full_width elementor-section-height-full elementor-section-height-default elementor-section-items-middle\" data-id=\"d05034c\" data-element_type=\"section\" data-settings=\"{&quot;stretch_section&quot;:&quot;section-stretched&quot;}\">\n\t\t\t\t\t\t<div class=\"elementor-container elementor-column-gap-default\">\n\t\t\t\t\t\t\t<div class=\"elementor-row\">\n\t\t\t\t\t<div class=\"elementor-column elementor-col-100 elementor-top-column elementor-element elementor-element-2f00b7d\" data-id=\"2f00b7d\" data-element_type=\"column\">\n\t\t\t<div class=\"elementor-column-wrap elementor-element-populated\">\n\t\t\t\t\t\t\t<div class=\"elementor-widget-wrap\">\n\t\t\t\t\t\t<div class=\"elementor-element elementor-element-a9efbd3 elementor-absolute elementor-widget elementor-widget-image\" data-id=\"a9efbd3\" data-element_type=\"widget\" data-settings=\"{&quot;_position&quot;:&quot;absolute&quot;}\" data-widget_type=\"image.default\">\n\t\t\t\t<div class=\"elementor-widget-container\">\n\t\t\t\t\t<div class=\"elementor-image\">\n\t\t\t\t\t\t\t\t\t\t<img loading=\"lazy\" decoding=\"async\" width=\"1024\" height=\"688\" src=\"https:\/\/eletricaima.com.br\/wp-content\/uploads\/2021\/02\/223169-manutencao-de-sites-por-que-e-importante-desde-a-construcao-da-pagina-1024x688-1.jpg\" class=\"attachment-large size-large\" alt=\"\" srcset=\"https:\/\/eletricaima.com.br\/wp-content\/uploads\/2021\/02\/223169-manutencao-de-sites-por-que-e-importante-desde-a-construcao-da-pagina-1024x688-1.jpg 1024w, https:\/\/eletricaima.com.br\/wp-content\/uploads\/2021\/02\/223169-manutencao-de-sites-por-que-e-importante-desde-a-construcao-da-pagina-1024x688-1-600x403.jpg 600w, https:\/\/eletricaima.com.br\/wp-content\/uploads\/2021\/02\/223169-manutencao-de-sites-por-que-e-importante-desde-a-construcao-da-pagina-1024x688-1-300x202.jpg 300w, https:\/\/eletricaima.com.br\/wp-content\/uploads\/2021\/02\/223169-manutencao-de-sites-por-que-e-importante-desde-a-construcao-da-pagina-1024x688-1-768x516.jpg 768w\" sizes=\"auto, (max-width: 1024px) 100vw, 1024px\" \/>\t\t\t\t\t\t\t\t\t\t\t<\/div>\n\t\t\t\t<\/div>\n\t\t\t\t<\/div>\n\t\t\t\t\t\t<\/div>\n\t\t\t\t\t<\/div>\n\t\t<\/div>\n\t\t\t\t\t\t\t\t<\/div>\n\t\t\t\t\t<\/div>\n\t\t<\/section>\n\t\t\t\t\t\t<\/div>\n\t\t\t\t\t\t<\/div>\n\t\t\t\t\t<\/div>\n\t\t","protected":false},"excerpt":{"rendered":"<p>BREVE AQUI, A MELHOR E MAIS COMPLETA LOJA DE MATERIAIS EL\u00c9TRICOS DE CARM\u00d3POLIS DE MINAS E REGI\u00c3O, AGUARDEM!<\/p>\n","protected":false},"author":1,"featured_media":0,"parent":0,"menu_order":0,"comment_status":"closed","ping_status":"closed","template":"elementor_canvas","meta":{"spay_email":"","footnotes":""},"class_list":["post-35","page","type-page","status-publish","hentry","entry","owp-thumbs-layout-horizontal","owp-btn-normal","owp-tabs-layout-horizontal","has-no-thumbnails","has-product-nav"],"_links":{"self":[{"href":"https:\/\/eletricaima.com.br\/index.php?rest_route=\/wp\/v2\/pages\/35","targetHints":{"allow":["GET"]}}],"collection":[{"href":"https:\/\/eletricaima.com.br\/index.php?rest_route=\/wp\/v2\/pages"}],"about":[{"href":"https:\/\/eletricaima.com.br\/index.php?rest_route=\/wp\/v2\/types\/page"}],"author":[{"embeddable":true,"href":"https:\/\/eletricaima.com.br\/index.php?rest_route=\/wp\/v2\/users\/1"}],"replies":[{"embeddable":true,"href":"https:\/\/eletricaima.com.br\/index.php?rest_route=%2Fwp%2Fv2%2Fcomments&post=35"}],"version-history":[{"count":7,"href":"https:\/\/eletricaima.com.br\/index.php?rest_route=\/wp\/v2\/pages\/35\/revisions"}],"predecessor-version":[{"id":702,"href":"https:\/\/eletricaima.com.br\/index.php?rest_route=\/wp\/v2\/pages\/35\/revisions\/702"}],"wp:attachment":[{"href":"https:\/\/eletricaima.com.br\/index.php?rest_route=%2Fwp%2Fv2%2Fmedia&parent=35"}],"curies":[{"name":"wp","href":"https:\/\/api.w.org\/{rel}","templated":true}]}}