{"id":2,"date":"2021-02-09T14:06:34","date_gmt":"2021-02-09T17:06:34","guid":{"rendered":"http:\/\/eletricaima.com.br\/?page_id=2"},"modified":"2023-05-19T13:49:03","modified_gmt":"2023-05-19T16:49:03","slug":"pagina-exemplo","status":"publish","type":"page","link":"https:\/\/eletricaima.com.br\/","title":{"rendered":"HOME"},"content":{"rendered":"<p><img decoding=\"async\" width=\"835\" height=\"586\" src=\"http:\/\/eletricaima.com.br\/wp-content\/uploads\/2021\/02\/LOGO_nova.png\" alt=\"\" loading=\"lazy\" srcset=\"https:\/\/eletricaima.com.br\/wp-content\/uploads\/2021\/02\/LOGO_nova.png 835w, https:\/\/eletricaima.com.br\/wp-content\/uploads\/2021\/02\/LOGO_nova-600x421.png 600w, https:\/\/eletricaima.com.br\/wp-content\/uploads\/2021\/02\/LOGO_nova-300x211.png 300w, https:\/\/eletricaima.com.br\/wp-content\/uploads\/2021\/02\/LOGO_nova-768x539.png 768w\" sizes=\"auto, (max-width: 835px) 100vw, 835px\"><br \/>\n<img decoding=\"async\" width=\"501\" height=\"351\" src=\"http:\/\/eletricaima.com.br\/wp-content\/uploads\/2021\/02\/logo-nova-07.png\" alt=\"\" loading=\"lazy\" srcset=\"https:\/\/eletricaima.com.br\/wp-content\/uploads\/2021\/02\/logo-nova-07.png 501w, https:\/\/eletricaima.com.br\/wp-content\/uploads\/2021\/02\/logo-nova-07-416x291.png 416w, https:\/\/eletricaima.com.br\/wp-content\/uploads\/2021\/02\/logo-nova-07-300x210.png 300w\" sizes=\"auto, (max-width: 501px) 100vw, 501px\"><br \/>\n<a href=\"http:\/\/eletricaima.com.br\/?p=650\"><img decoding=\"async\" width=\"1170\" height=\"366\" src=\"http:\/\/eletricaima.com.br\/wp-content\/uploads\/2021\/02\/BANNER.jpg\" alt=\"\" loading=\"lazy\" srcset=\"https:\/\/eletricaima.com.br\/wp-content\/uploads\/2021\/02\/BANNER.jpg 1920w, https:\/\/eletricaima.com.br\/wp-content\/uploads\/2021\/02\/BANNER-600x188.jpg 600w, https:\/\/eletricaima.com.br\/wp-content\/uploads\/2021\/02\/BANNER-300x94.jpg 300w, https:\/\/eletricaima.com.br\/wp-content\/uploads\/2021\/02\/BANNER-1024x320.jpg 1024w, https:\/\/eletricaima.com.br\/wp-content\/uploads\/2021\/02\/BANNER-768x240.jpg 768w, https:\/\/eletricaima.com.br\/wp-content\/uploads\/2021\/02\/BANNER-1536x480.jpg 1536w\" sizes=\"auto, (max-width: 1170px) 100vw, 1170px\"><\/a><\/p>\n<h2><a href=\"http:\/\/eletricaima.com.br\/?p=650\">MOTORES WEG E ASSIST\u00caNCIA TECNICA<\/a><\/h2>\n<p>ISSO MESMO, A ELETRICA IMA \u00c9 UMA EMPRESA AUTORIZADA PELA WEG, A MAIOR FABRICANTE DE MOTORES ELETRICOS DA AMERICA DO SUL E UMA DAS MAIORES DO MUNDO, N\u00d3S TAMBEM TEMOS A LINHA COMPLETA DE INTERRUPTORES E TOMADAS DA LINHA REFINATTO E E COMPOS\u00c8<\/p>\n<h2>QUEM SOMOS<\/h2>\n<p><img decoding=\"async\" width=\"834\" height=\"586\" src=\"http:\/\/eletricaima.com.br\/wp-content\/uploads\/2021\/02\/logo_8_loja_azul-08.png\" alt=\"\" loading=\"lazy\" srcset=\"https:\/\/eletricaima.com.br\/wp-content\/uploads\/2021\/02\/logo_8_loja_azul-08.png 834w, https:\/\/eletricaima.com.br\/wp-content\/uploads\/2021\/02\/logo_8_loja_azul-08-600x422.png 600w, https:\/\/eletricaima.com.br\/wp-content\/uploads\/2021\/02\/logo_8_loja_azul-08-300x211.png 300w, https:\/\/eletricaima.com.br\/wp-content\/uploads\/2021\/02\/logo_8_loja_azul-08-768x540.png 768w\" sizes=\"auto, (max-width: 834px) 100vw, 834px\"><\/p>\n<p>A EL\u00c9TRICA IMA,&nbsp; foi fundada em 2013 para atuar na \u00e1rea de automa\u00e7\u00e3o industrial e&nbsp; residencial, durante estes anos trouxemos novos produtos, servi\u00e7os e tamb\u00e9m novos parceiros. Nossa marca traz em seu nome nossas \u00e1reas de atua\u00e7\u00e3o &#8220;<strong>Implanta\u00e7\u00e3o, Manuten\u00e7\u00e3o e Automa\u00e7\u00e3o<\/strong>&#8220;. N\u00f3s somos uma empresa que tamb\u00e9m prestamos servi\u00e7os aos nossos clientes , al\u00e9m de suporte a todos os parceiros e nossa empresa, seja no momento de venda e p\u00f3s venda.<\/p>\n<h3>\n\t\t\t\t\tMISS\u00c3O<\/h3>\n<p>Revender produtos de qualidade com pre\u00e7os justos, desenvolvendo e aprimorando relacionamentos \u00e9ticos, eficazes e de longo prazo. Buscando a constante excel\u00eancia no atendimento \u00e0s necessidades de nossos clientes, proporcionar realiza\u00e7\u00e3o e satisfa\u00e7\u00e3o no relacionamento com nossos clientes e colaboradores.<\/p>\n<h3>\n\t\t\t\t\tVIS\u00c3O<\/h3>\n<p>Ser uma empresa de reconhecimento regional, com as melhores solu\u00e7\u00f5es em revenda de produtos e servi\u00e7os  no setor de automa\u00e7\u00e3o e el\u00e9trica, presando sempre por produtos e servi\u00e7os inovadores e eficientes. Visando sempre construir com empenho, parcerias de longo prazo, mantendo um \u00f3timo relacionamento com clientes, fornecedores e colaboradores.<\/p>\n<h3>\n\t\t\t\t\tVALORES<\/h3>\n<p>\u2022\t\u00c9tica, respeito, dedica\u00e7\u00e3o e honestidade em todas as rela\u00e7\u00f5es e transa\u00e7\u00f5es efetuadas.<br \/>\n\u2022\tConfiabilidade e cumprimento  nos produtos, servi\u00e7os e atendimento prestados pela empresa.<br \/>\n\u2022\tCompromisso com resultados eficazes que agregam valores aos neg\u00f3cios para todas as partes, clientes, fornecedores e nossa empresa.<br \/>\n\u2022\tIntegridade, seriedade, esp\u00edrito de equipe e determina\u00e7\u00e3o.<\/p>\n<h2>SERVI\u00c7OS<\/h2>\n<p><a data-elementor-open-lightbox=\"yes\" data-elementor-lightbox-slideshow=\"0c99c13\" data-elementor-lightbox-title=\"IMG_9030e_4\" href=\"http:\/\/eletricaima.com.br\/wp-content\/uploads\/2021\/02\/IMG_9030e_4.jpg\"><\/a><\/p>\n<p><a data-elementor-open-lightbox=\"yes\" data-elementor-lightbox-slideshow=\"0c99c13\" data-elementor-lightbox-title=\"IMG_9030e_4\" href=\"http:\/\/eletricaima.com.br\/wp-content\/uploads\/2021\/02\/IMG_9030e_4.jpg\"><\/p>\n<figure><img decoding=\"async\" src=\"http:\/\/eletricaima.com.br\/wp-content\/uploads\/2021\/02\/IMG_9030e_4-150x150.jpg\" alt=\"IMG_9030e_4\"><\/figure>\n<p><\/a><a data-elementor-open-lightbox=\"yes\" data-elementor-lightbox-slideshow=\"0c99c13\" data-elementor-lightbox-title=\"IMG_9030e_4\" href=\"http:\/\/eletricaima.com.br\/wp-content\/uploads\/2021\/02\/IMG_9030e_4.jpg\"><\/a><a data-elementor-open-lightbox=\"yes\" data-elementor-lightbox-slideshow=\"0c99c13\" data-elementor-lightbox-title=\"IMG_9026e_4\" href=\"http:\/\/eletricaima.com.br\/wp-content\/uploads\/2021\/02\/IMG_9026e_4.jpg\"><\/a><\/p>\n<p><a data-elementor-open-lightbox=\"yes\" data-elementor-lightbox-slideshow=\"0c99c13\" data-elementor-lightbox-title=\"IMG_9026e_4\" href=\"http:\/\/eletricaima.com.br\/wp-content\/uploads\/2021\/02\/IMG_9026e_4.jpg\"><\/p>\n<figure><img decoding=\"async\" src=\"http:\/\/eletricaima.com.br\/wp-content\/uploads\/2021\/02\/IMG_9026e_4-150x150.jpg\" alt=\"IMG_9026e_4\"><\/figure>\n<p><\/a><a data-elementor-open-lightbox=\"yes\" data-elementor-lightbox-slideshow=\"0c99c13\" data-elementor-lightbox-title=\"IMG_9026e_4\" href=\"http:\/\/eletricaima.com.br\/wp-content\/uploads\/2021\/02\/IMG_9026e_4.jpg\"><\/a><br \/>\nAnterior<br \/>\nPr\u00f3ximo<\/p>\n<h2>Montagem de quadros de comando<\/h2>\n<p>A El\u00e9trica Ima conta com uma equipe especializada na montagem de quadros&nbsp; de comando. N\u00f3s tamb\u00e9m oferecemos todos os produtos para sua montagem, desde pequenos quadros de acionamentos de bombas, at\u00e9 quadros mais complexos para grandes ind\u00fastrias. Outro diferencial \u00e9 a montagem de quadros com sistemas de IHM.<\/p>\n<p><a data-elementor-open-lightbox=\"yes\" data-elementor-lightbox-slideshow=\"665bdd5\" data-elementor-lightbox-title=\"imagem carrossel\" href=\"http:\/\/eletricaima.com.br\/wp-content\/uploads\/2021\/02\/imagem-carrossel.jpg\"><\/a><\/p>\n<p><a data-elementor-open-lightbox=\"yes\" data-elementor-lightbox-slideshow=\"665bdd5\" data-elementor-lightbox-title=\"imagem carrossel\" href=\"http:\/\/eletricaima.com.br\/wp-content\/uploads\/2021\/02\/imagem-carrossel.jpg\"><\/p>\n<figure><img decoding=\"async\" src=\"http:\/\/eletricaima.com.br\/wp-content\/uploads\/2021\/02\/imagem-carrossel-150x150.jpg\" alt=\"imagem carrossel\"><\/figure>\n<p><\/a><a data-elementor-open-lightbox=\"yes\" data-elementor-lightbox-slideshow=\"665bdd5\" data-elementor-lightbox-title=\"imagem carrossel\" href=\"http:\/\/eletricaima.com.br\/wp-content\/uploads\/2021\/02\/imagem-carrossel.jpg\"><\/a><\/p>\n<h2>Manuten\u00e7\u00e3o de equipamentos industriais e motores<\/h2>\n<p>Contamos com uma equipe para manuten\u00e7\u00e3o de motores e equipamentos industriais al\u00e9m de um laborat\u00f3rio para realizar os servi\u00e7os.&nbsp;<\/p>\n<p><a data-elementor-open-lightbox=\"yes\" data-elementor-lightbox-slideshow=\"6977ac5\" data-elementor-lightbox-title=\"placa solar\" href=\"http:\/\/eletricaima.com.br\/wp-content\/uploads\/2021\/02\/placa-solar.jpg\"><\/a><\/p>\n<p><a data-elementor-open-lightbox=\"yes\" data-elementor-lightbox-slideshow=\"6977ac5\" data-elementor-lightbox-title=\"placa solar\" href=\"http:\/\/eletricaima.com.br\/wp-content\/uploads\/2021\/02\/placa-solar.jpg\"><\/p>\n<figure><img decoding=\"async\" src=\"http:\/\/eletricaima.com.br\/wp-content\/uploads\/2021\/02\/placa-solar-150x150.jpg\" alt=\"Sistema de monitoramento de gado em confinamento por energia fotovoltaica\"><figcaption>Sistema de monitoramento de gado em confinamento por energia fotovoltaica<\/figcaption><\/figure>\n<p><\/a><a data-elementor-open-lightbox=\"yes\" data-elementor-lightbox-slideshow=\"6977ac5\" data-elementor-lightbox-title=\"placa solar\" href=\"http:\/\/eletricaima.com.br\/wp-content\/uploads\/2021\/02\/placa-solar.jpg\"><\/a><a data-elementor-open-lightbox=\"yes\" data-elementor-lightbox-slideshow=\"6977ac5\" data-elementor-lightbox-title=\"WhatsApp Image 2021-02-17 at 14.09.07\" href=\"http:\/\/eletricaima.com.br\/wp-content\/uploads\/2021\/02\/WhatsApp-Image-2021-02-17-at-14.09.07.jpg\"><\/a><\/p>\n<p><a data-elementor-open-lightbox=\"yes\" data-elementor-lightbox-slideshow=\"6977ac5\" data-elementor-lightbox-title=\"WhatsApp Image 2021-02-17 at 14.09.07\" href=\"http:\/\/eletricaima.com.br\/wp-content\/uploads\/2021\/02\/WhatsApp-Image-2021-02-17-at-14.09.07.jpg\"><\/p>\n<figure><img decoding=\"async\" src=\"http:\/\/eletricaima.com.br\/wp-content\/uploads\/2021\/02\/WhatsApp-Image-2021-02-17-at-14.09.07-150x150.jpg\" alt=\"WhatsApp Image 2021-02-17 at 14.09.07\"><\/figure>\n<p><\/a><a data-elementor-open-lightbox=\"yes\" data-elementor-lightbox-slideshow=\"6977ac5\" data-elementor-lightbox-title=\"WhatsApp Image 2021-02-17 at 14.09.07\" href=\"http:\/\/eletricaima.com.br\/wp-content\/uploads\/2021\/02\/WhatsApp-Image-2021-02-17-at-14.09.07.jpg\"><\/a><br \/>\nAnterior<br \/>\nPr\u00f3ximo<\/p>\n<h2>Manuten\u00e7\u00e3o e instala\u00e7\u00e3o de energia fotovoltaica<\/h2>\n<p>A el\u00e9trica Ima al\u00e9m de fornecer os produtos para instala\u00e7\u00e3o de energia fotovoltaica ainda conta com uma equipe para fazer a instala\u00e7\u00e3o e para n\u00f3s n\u00e3o existe projeto imposs\u00edvel de ser realizado! Ao lado temos um trabalho de instala\u00e7\u00e3o em locais onde a utiliza\u00e7\u00e3o de energia el\u00e9trica pode ser invi\u00e1vel, temos esta solu\u00e7\u00e3o onde temos gera\u00e7\u00e3o de energia suficiente para manter c\u00e2meras, cerca el\u00e9trica e equipamentos de internet para transmiss\u00e3o das imagens.&nbsp;<\/p>\n<h2>Revenda autorizada WEG<\/h2>\n<p><img decoding=\"async\" width=\"834\" height=\"586\" src=\"http:\/\/eletricaima.com.br\/wp-content\/uploads\/2021\/02\/weg_azul-07.png\" alt=\"\" loading=\"lazy\" srcset=\"https:\/\/eletricaima.com.br\/wp-content\/uploads\/2021\/02\/weg_azul-07.png 834w, https:\/\/eletricaima.com.br\/wp-content\/uploads\/2021\/02\/weg_azul-07-600x422.png 600w, https:\/\/eletricaima.com.br\/wp-content\/uploads\/2021\/02\/weg_azul-07-300x211.png 300w, https:\/\/eletricaima.com.br\/wp-content\/uploads\/2021\/02\/weg_azul-07-768x540.png 768w\" sizes=\"auto, (max-width: 834px) 100vw, 834px\"><\/p>\n<p>Desde o ano de 2013, quando iniciamos nossas atividades,&nbsp; buscamos representar foi a WEG, uma empresa 100% nacional que presa pela qualidade de seus produtos, hoje ela \u00e9 uma gigante no mercado de automa\u00e7\u00e3o, revendemos toda sua linha de produtos, desde a linha industrial e residencial. Atualmente em nossa regi\u00e3o atendemos diversas empresas,&nbsp; oferecendo: motores, produtos de automa\u00e7\u00e3o.<\/p>\n<p>N\u00f3s tamb\u00e9m oferecemos aos nossos clientes a linha de interruptores WEG Compos\u00e9\u00ae e tamb\u00e9m a linha Refinatto\u00ae.<\/p>\n<h2>Onde estamos<\/h2>\n<p><iframe frameborder=\"0\" scrolling=\"no\" marginheight=\"0\" marginwidth=\"0\" src=\"https:\/\/maps.google.com\/maps?q=R.%20Dorvelino%20Rab%C3%AAlo%20Costa%2C%2066%20-%20Gl%C3%B3ria%2C%20Carm%C3%B3polis%20de%20Minas%20-%20MG%2C%2035534-000&amp;t=m&amp;z=18&amp;output=embed&amp;iwloc=near\" title=\"R. Dorvelino Rab\u00ealo Costa, 66 - Gl\u00f3ria, Carm\u00f3polis de Minas - MG, 35534-000\" aria-label=\"R. Dorvelino Rab\u00ealo Costa, 66 - Gl\u00f3ria, Carm\u00f3polis de Minas - MG, 35534-000\"><\/iframe><\/p>\n<h2>CONTATO<\/h2>\n<p><a href=\"https:\/\/wa.me\/message\/VAURB2GSSLNUH1\" target=\"_blank\" rel=\"noopener\"><br \/>\n<\/a><\/p>\n<h3>\n\t\t\t\t\t<a href=\"https:\/\/wa.me\/message\/VAURB2GSSLNUH1\" target=\"_blank\" rel=\"noopener\">WHATSAPP<\/a><\/h3>\n<p><a href=\"tel:+553733332210\"><br \/>\n<\/a><\/p>\n<h3>\n\t\t\t\t\t<a href=\"tel:+553733332210\">TELEFONE<\/a><\/h3>\n<p>3733332210<\/p>\n<p><a href=\"https:\/\/www.facebook.com\/eletricaimacm\" target=\"_blank\" rel=\"noopener\"><br \/>\n<\/a><\/p>\n<h3>\n\t\t\t\t\t<a href=\"https:\/\/www.facebook.com\/eletricaimacm\" target=\"_blank\" rel=\"noopener\">FACEBOOK<\/a><\/h3>\n<p><a href=\"https:\/\/www.instagram.com\/eletrica_ima\/\" target=\"_blank\" rel=\"noopener\"><br \/>\n<\/a><\/p>\n<h3>\n\t\t\t\t\t<a href=\"https:\/\/www.instagram.com\/eletrica_ima\/\" target=\"_blank\" rel=\"noopener\">INSTAGRAM<\/a><\/h3>\n<p><a href=\"https:\/\/g.page\/eletrica_ima?share\" target=\"_blank\" rel=\"noopener\"><br \/>\n<\/a><\/p>\n<h3>\n\t\t\t\t\t<a href=\"https:\/\/g.page\/eletrica_ima?share\" target=\"_blank\" rel=\"noopener\">LOCALIZA\u00c7\u00c3O<\/a><\/h3>\n<p>R. Dorvelino Rab\u00ealo Costa, 66 &#8211; Gl\u00f3ria,<br \/>\nCarm\u00f3polis de Minas &#8211; MG, 35534-000<\/p>\n\t\t<div data-elementor-type=\"footer\" data-elementor-id=\"618\" class=\"elementor elementor-618\" data-elementor-settings=\"[]\">\n\t\t<div class=\"elementor-section-wrap\">\n\t\t\t\t\t<section class=\"elementor-section elementor-top-section elementor-element elementor-element-b60bef1 elementor-section-boxed elementor-section-height-default elementor-section-height-default\" data-id=\"b60bef1\" data-element_type=\"section\" data-settings=\"{&quot;background_background&quot;:&quot;gradient&quot;}\">\n\t\t\t\t\t\t<div class=\"elementor-container elementor-column-gap-default\">\n\t\t\t\t\t\t\t<div class=\"elementor-row\">\n\t\t\t\t\t<div class=\"elementor-column elementor-col-100 elementor-top-column elementor-element elementor-element-b262932\" data-id=\"b262932\" data-element_type=\"column\">\n\t\t\t<div class=\"elementor-column-wrap elementor-element-populated\">\n\t\t\t\t\t\t\t<div class=\"elementor-widget-wrap\">\n\t\t\t\t\t\t<section class=\"elementor-section elementor-inner-section elementor-element elementor-element-8b5e9be elementor-section-boxed elementor-section-height-default elementor-section-height-default\" data-id=\"8b5e9be\" data-element_type=\"section\">\n\t\t\t\t\t\t<div class=\"elementor-container elementor-column-gap-default\">\n\t\t\t\t\t\t\t<div class=\"elementor-row\">\n\t\t\t\t\t<div class=\"elementor-column elementor-col-50 elementor-inner-column elementor-element elementor-element-1958246\" data-id=\"1958246\" data-element_type=\"column\">\n\t\t\t<div class=\"elementor-column-wrap elementor-element-populated\">\n\t\t\t\t\t\t\t<div class=\"elementor-widget-wrap\">\n\t\t\t\t\t\t<div class=\"elementor-element elementor-element-9f2e97a elementor-shape-rounded elementor-grid-0 e-grid-align-center elementor-widget elementor-widget-social-icons\" data-id=\"9f2e97a\" data-element_type=\"widget\" data-widget_type=\"social-icons.default\">\n\t\t\t\t<div class=\"elementor-widget-container\">\n\t\t\t\t\t<div class=\"elementor-social-icons-wrapper elementor-grid\">\n\t\t\t\t\t\t\t<div class=\"elementor-grid-item\">\n\t\t\t\t\t<a class=\"elementor-icon elementor-social-icon elementor-social-icon-facebook elementor-repeater-item-90310ce\" target=\"_blank\">\n\t\t\t\t\t\t<span class=\"elementor-screen-only\">Facebook<\/span>\n\t\t\t\t\t\t<i class=\"fab fa-facebook\"><\/i>\t\t\t\t\t<\/a>\n\t\t\t\t<\/div>\n\t\t\t\t\t\t\t<div class=\"elementor-grid-item\">\n\t\t\t\t\t<a class=\"elementor-icon elementor-social-icon elementor-social-icon-whatsapp elementor-repeater-item-3c1a0c6\" target=\"_blank\">\n\t\t\t\t\t\t<span class=\"elementor-screen-only\">Whatsapp<\/span>\n\t\t\t\t\t\t<i class=\"fab fa-whatsapp\"><\/i>\t\t\t\t\t<\/a>\n\t\t\t\t<\/div>\n\t\t\t\t\t\t\t<div class=\"elementor-grid-item\">\n\t\t\t\t\t<a class=\"elementor-icon elementor-social-icon elementor-social-icon-instagram elementor-repeater-item-acb9ca0\" target=\"_blank\">\n\t\t\t\t\t\t<span class=\"elementor-screen-only\">Instagram<\/span>\n\t\t\t\t\t\t<i class=\"fab fa-instagram\"><\/i>\t\t\t\t\t<\/a>\n\t\t\t\t<\/div>\n\t\t\t\t\t<\/div>\n\t\t\t\t<\/div>\n\t\t\t\t<\/div>\n\t\t\t\t<div class=\"elementor-element elementor-element-cd1e57e elementor-absolute elementor-widget elementor-widget-heading\" data-id=\"cd1e57e\" data-element_type=\"widget\" data-settings=\"{&quot;_position&quot;:&quot;absolute&quot;}\" data-widget_type=\"heading.default\">\n\t\t\t\t<div class=\"elementor-widget-container\">\n\t\t\t<h5 class=\"elementor-heading-title elementor-size-default\"><a href=\"http:\/\/instagram.com\/gleisonandrade\">Site desenvolvido por: Gleison Andrade<\/a><\/h5>\t\t<\/div>\n\t\t\t\t<\/div>\n\t\t\t\t\t\t<\/div>\n\t\t\t\t\t<\/div>\n\t\t<\/div>\n\t\t\t\t<div class=\"elementor-column elementor-col-50 elementor-inner-column elementor-element elementor-element-5675298\" data-id=\"5675298\" data-element_type=\"column\">\n\t\t\t<div class=\"elementor-column-wrap elementor-element-populated\">\n\t\t\t\t\t\t\t<div class=\"elementor-widget-wrap\">\n\t\t\t\t\t\t<div class=\"elementor-element elementor-element-0cfdca6 elementor-widget elementor-widget-sitemap\" data-id=\"0cfdca6\" data-element_type=\"widget\" data-widget_type=\"sitemap.default\">\n\t\t\t\t<div class=\"elementor-widget-container\">\n\t\t\t<div class=\"elementor-sitemap-wrap\"><div class=\"elementor-sitemap-section\"><h3 class=\"elementor-sitemap-title elementor-sitemap-page-title\">P\u00e1ginas<\/h3><ul class=\"elementor-sitemap-list elementor-sitemap-page-list\"><li class=\"elementor-sitemap-item elementor-sitemap-item-page page_item page-item-121\"><a href=\"https:\/\/eletricaima.com.br\/?page_id=121\">Minha conta<\/a><\/li><li class=\"elementor-sitemap-item elementor-sitemap-item-page page_item page-item-120\"><a href=\"https:\/\/eletricaima.com.br\/?page_id=120\">Finalizar compra<\/a><\/li><li class=\"elementor-sitemap-item elementor-sitemap-item-page page_item page-item-119\"><a href=\"https:\/\/eletricaima.com.br\/?page_id=119\">Carrinho<\/a><\/li><li class=\"elementor-sitemap-item elementor-sitemap-item-page page_item page-item-118\"><a href=\"https:\/\/eletricaima.com.br\/?page_id=118\">LOJA<\/a><\/li><li class=\"elementor-sitemap-item elementor-sitemap-item-page page_item page-item-74\"><a href=\"https:\/\/eletricaima.com.br\/?page_id=74\">Quem somos<\/a><\/li><li class=\"elementor-sitemap-item elementor-sitemap-item-page page_item page-item-35\"><a href=\"https:\/\/eletricaima.com.br\/?page_id=35\">MANUTEN\u00c7\u00c3O<\/a><\/li><li class=\"elementor-sitemap-item elementor-sitemap-item-page page_item page-item-2\"><a href=\"https:\/\/eletricaima.com.br\/\">HOME<\/a><\/li><\/ul><\/div><\/div>\t\t<\/div>\n\t\t\t\t<\/div>\n\t\t\t\t\t\t<\/div>\n\t\t\t\t\t<\/div>\n\t\t<\/div>\n\t\t\t\t\t\t\t\t<\/div>\n\t\t\t\t\t<\/div>\n\t\t<\/section>\n\t\t\t\t\t\t<\/div>\n\t\t\t\t\t<\/div>\n\t\t<\/div>\n\t\t\t\t\t\t\t\t<\/div>\n\t\t\t\t\t<\/div>\n\t\t<\/section>\n\t\t\t\t<\/div>\n\t\t<\/div>\n\t\t\n","protected":false},"excerpt":{"rendered":"<p>MOTORES WEG E ASSIST\u00caNCIA TECNICA ISSO MESMO, A ELETRICA IMA \u00c9 UMA EMPRESA AUTORIZADA PELA WEG, A MAIOR FABRICANTE DE MOTORES ELETRICOS DA AMERICA DO SUL E UMA DAS MAIORES DO MUNDO, N\u00d3S TAMBEM TEMOS A LINHA COMPLETA DE INTERRUPTORES E TOMADAS DA LINHA REFINATTO E E COMPOS\u00c8 QUEM SOMOS A EL\u00c9TRICA IMA,&nbsp; foi fundada [&hellip;]<\/p>\n","protected":false},"author":1,"featured_media":0,"parent":0,"menu_order":0,"comment_status":"closed","ping_status":"open","template":"elementor_canvas","meta":{"spay_email":"","footnotes":""},"class_list":["post-2","page","type-page","status-publish","hentry","entry","owp-thumbs-layout-horizontal","owp-btn-normal","owp-tabs-layout-horizontal","has-no-thumbnails","has-product-nav"],"_links":{"self":[{"href":"https:\/\/eletricaima.com.br\/index.php?rest_route=\/wp\/v2\/pages\/2","targetHints":{"allow":["GET"]}}],"collection":[{"href":"https:\/\/eletricaima.com.br\/index.php?rest_route=\/wp\/v2\/pages"}],"about":[{"href":"https:\/\/eletricaima.com.br\/index.php?rest_route=\/wp\/v2\/types\/page"}],"author":[{"embeddable":true,"href":"https:\/\/eletricaima.com.br\/index.php?rest_route=\/wp\/v2\/users\/1"}],"replies":[{"embeddable":true,"href":"https:\/\/eletricaima.com.br\/index.php?rest_route=%2Fwp%2Fv2%2Fcomments&post=2"}],"version-history":[{"count":205,"href":"https:\/\/eletricaima.com.br\/index.php?rest_route=\/wp\/v2\/pages\/2\/revisions"}],"predecessor-version":[{"id":723,"href":"https:\/\/eletricaima.com.br\/index.php?rest_route=\/wp\/v2\/pages\/2\/revisions\/723"}],"wp:attachment":[{"href":"https:\/\/eletricaima.com.br\/index.php?rest_route=%2Fwp%2Fv2%2Fmedia&parent=2"}],"curies":[{"name":"wp","href":"https:\/\/api.w.org\/{rel}","templated":true}]}}