{"id":119,"date":"2021-02-10T15:48:45","date_gmt":"2021-02-10T18:48:45","guid":{"rendered":"http:\/\/eletricaima.com.br\/?page_id=119"},"modified":"2021-02-18T18:15:06","modified_gmt":"2021-02-18T21:15:06","slug":"carrinho","status":"publish","type":"page","link":"https:\/\/eletricaima.com.br\/?page_id=119","title":{"rendered":"Carrinho"},"content":{"rendered":"\t\t<div data-elementor-type=\"wp-page\" data-elementor-id=\"119\" class=\"elementor elementor-119\" data-elementor-settings=\"[]\">\n\t\t\t\t\t\t<div class=\"elementor-inner\">\n\t\t\t\t\t\t\t<div class=\"elementor-section-wrap\">\n\t\t\t\t\t\t\t<section class=\"elementor-section elementor-top-section elementor-element elementor-element-ec13039 elementor-section-boxed elementor-section-height-default elementor-section-height-default\" data-id=\"ec13039\" data-element_type=\"section\" data-settings=\"{&quot;background_background&quot;:&quot;classic&quot;}\">\n\t\t\t\t\t\t<div class=\"elementor-container elementor-column-gap-default\">\n\t\t\t\t\t\t\t<div class=\"elementor-row\">\n\t\t\t\t\t<div class=\"elementor-column elementor-col-100 elementor-top-column elementor-element elementor-element-29b8833\" data-id=\"29b8833\" data-element_type=\"column\">\n\t\t\t<div class=\"elementor-column-wrap elementor-element-populated\">\n\t\t\t\t\t\t\t<div class=\"elementor-widget-wrap\">\n\t\t\t\t\t\t<section class=\"elementor-section elementor-inner-section elementor-element elementor-element-fce3927 elementor-section-boxed elementor-section-height-default elementor-section-height-default\" data-id=\"fce3927\" data-element_type=\"section\">\n\t\t\t\t\t\t<div class=\"elementor-container elementor-column-gap-default\">\n\t\t\t\t\t\t\t<div class=\"elementor-row\">\n\t\t\t\t\t<div class=\"elementor-column elementor-col-50 elementor-inner-column elementor-element elementor-element-868776a\" data-id=\"868776a\" data-element_type=\"column\">\n\t\t\t<div class=\"elementor-column-wrap elementor-element-populated\">\n\t\t\t\t\t\t\t<div class=\"elementor-widget-wrap\">\n\t\t\t\t\t\t<div class=\"elementor-element elementor-element-caf7cff elementor-widget elementor-widget-image\" data-id=\"caf7cff\" data-element_type=\"widget\" data-widget_type=\"image.default\">\n\t\t\t\t<div class=\"elementor-widget-container\">\n\t\t\t\t\t<div class=\"elementor-image\">\n\t\t\t\t\t\t\t\t\t\t\t<a href=\"https:\/\/eletricaima.com.br\/\">\n\t\t\t\t\t\t\t<img loading=\"lazy\" decoding=\"async\" width=\"835\" height=\"586\" src=\"https:\/\/eletricaima.com.br\/wp-content\/uploads\/2021\/02\/LOGO_nova.png\" class=\"attachment-large size-large\" alt=\"\" srcset=\"https:\/\/eletricaima.com.br\/wp-content\/uploads\/2021\/02\/LOGO_nova.png 835w, https:\/\/eletricaima.com.br\/wp-content\/uploads\/2021\/02\/LOGO_nova-600x421.png 600w, https:\/\/eletricaima.com.br\/wp-content\/uploads\/2021\/02\/LOGO_nova-300x211.png 300w, https:\/\/eletricaima.com.br\/wp-content\/uploads\/2021\/02\/LOGO_nova-768x539.png 768w\" sizes=\"auto, (max-width: 835px) 100vw, 835px\" \/>\t\t\t\t\t\t\t\t<\/a>\n\t\t\t\t\t\t\t\t\t\t\t<\/div>\n\t\t\t\t<\/div>\n\t\t\t\t<\/div>\n\t\t\t\t\t\t<\/div>\n\t\t\t\t\t<\/div>\n\t\t<\/div>\n\t\t\t\t<div class=\"elementor-column elementor-col-50 elementor-inner-column elementor-element elementor-element-90f2fbd\" data-id=\"90f2fbd\" data-element_type=\"column\">\n\t\t\t<div class=\"elementor-column-wrap elementor-element-populated\">\n\t\t\t\t\t\t\t<div class=\"elementor-widget-wrap\">\n\t\t\t\t\t\t<div class=\"elementor-element elementor-element-747213a elementor-widget elementor-widget-heading\" data-id=\"747213a\" data-element_type=\"widget\" data-widget_type=\"heading.default\">\n\t\t\t\t<div class=\"elementor-widget-container\">\n\t\t\t<h1 class=\"elementor-heading-title elementor-size-default\">OL\u00c1<\/h1>\t\t<\/div>\n\t\t\t\t<\/div>\n\t\t\t\t<div class=\"elementor-element elementor-element-9357961 elementor-widget elementor-widget-heading\" data-id=\"9357961\" data-element_type=\"widget\" data-widget_type=\"heading.default\">\n\t\t\t\t<div class=\"elementor-widget-container\">\n\t\t\t<h2 class=\"elementor-heading-title elementor-size-default\">ESTE \u00c9 O SEU CARRINHO DE COMPRAS<\/h2>\t\t<\/div>\n\t\t\t\t<\/div>\n\t\t\t\t\t\t<\/div>\n\t\t\t\t\t<\/div>\n\t\t<\/div>\n\t\t\t\t\t\t\t\t<\/div>\n\t\t\t\t\t<\/div>\n\t\t<\/section>\n\t\t\t\t<div class=\"elementor-element elementor-element-a6ff6d6 elementor-nav-menu__align-center elementor-nav-menu--indicator-classic elementor-nav-menu--dropdown-tablet elementor-nav-menu__text-align-aside elementor-nav-menu--toggle elementor-nav-menu--burger elementor-widget elementor-widget-nav-menu\" data-id=\"a6ff6d6\" data-element_type=\"widget\" data-settings=\"{&quot;layout&quot;:&quot;horizontal&quot;,&quot;toggle&quot;:&quot;burger&quot;}\" data-widget_type=\"nav-menu.default\">\n\t\t\t\t<div class=\"elementor-widget-container\">\n\t\t\t\t\t\t<nav role=\"navigation\" class=\"elementor-nav-menu--main elementor-nav-menu__container elementor-nav-menu--layout-horizontal e--pointer-underline e--animation-fade\"><ul id=\"menu-1-a6ff6d6\" class=\"elementor-nav-menu\"><li class=\"menu-item menu-item-type-post_type menu-item-object-page menu-item-home menu-item-134\"><a href=\"https:\/\/eletricaima.com.br\/\" class=\"elementor-item\">HOME<\/a><\/li>\n<li class=\"menu-item menu-item-type-post_type menu-item-object-page menu-item-453\"><a href=\"https:\/\/eletricaima.com.br\/?page_id=118\" class=\"elementor-item\">LOJA<\/a><\/li>\n<li class=\"menu-item menu-item-type-post_type menu-item-object-page menu-item-132\"><a href=\"https:\/\/eletricaima.com.br\/?page_id=120\" class=\"elementor-item\">FINALIZAR COMPRA<\/a><\/li>\n<li class=\"menu-item menu-item-type-post_type menu-item-object-page menu-item-133\"><a href=\"https:\/\/eletricaima.com.br\/?page_id=119\" class=\"elementor-item\">CARRINHO<\/a><\/li>\n<li class=\"menu-item menu-item-type-custom menu-item-object-custom menu-item-465\"><a href=\"http:\/\/eletricaima.com.br\/?page_id=121&#038;edit-account\" class=\"elementor-item\">MINHA CONTA<\/a><\/li>\n<li class=\"menu-item menu-item-type-custom menu-item-object-custom menu-item-has-children menu-item-175\"><a class=\"elementor-item\">CATEGORIAS<\/a>\n<ul class=\"sub-menu elementor-nav-menu--dropdown\">\n\t<li class=\"menu-item menu-item-type-taxonomy menu-item-object-product_cat menu-item-183\"><a href=\"https:\/\/eletricaima.com.br\/?product_cat=medidores\" class=\"elementor-sub-item\">medidores<\/a><\/li>\n\t<li class=\"menu-item menu-item-type-taxonomy menu-item-object-product_cat menu-item-185\"><a href=\"https:\/\/eletricaima.com.br\/?product_cat=jardim\" class=\"elementor-sub-item\">jardim<\/a><\/li>\n\t<li class=\"menu-item menu-item-type-taxonomy menu-item-object-product_cat menu-item-184\"><a href=\"https:\/\/eletricaima.com.br\/?product_cat=casa\" class=\"elementor-sub-item\">casa<\/a><\/li>\n\t<li class=\"menu-item menu-item-type-taxonomy menu-item-object-product_cat menu-item-182\"><a href=\"https:\/\/eletricaima.com.br\/?product_cat=fitas\" class=\"elementor-sub-item\">fitas<\/a><\/li>\n\t<li class=\"menu-item menu-item-type-taxonomy menu-item-object-product_cat menu-item-181\"><a href=\"https:\/\/eletricaima.com.br\/?product_cat=parafusos\" class=\"elementor-sub-item\">parafusos<\/a><\/li>\n\t<li class=\"menu-item menu-item-type-taxonomy menu-item-object-product_cat menu-item-180\"><a href=\"https:\/\/eletricaima.com.br\/?product_cat=disjuntores\" class=\"elementor-sub-item\">disjuntores<\/a><\/li>\n\t<li class=\"menu-item menu-item-type-taxonomy menu-item-object-product_cat menu-item-178\"><a href=\"https:\/\/eletricaima.com.br\/?product_cat=contatores\" class=\"elementor-sub-item\">contatores<\/a><\/li>\n\t<li class=\"menu-item menu-item-type-taxonomy menu-item-object-product_cat menu-item-177\"><a href=\"https:\/\/eletricaima.com.br\/?product_cat=interruptores-e-tomadas\" class=\"elementor-sub-item\">interruptores e tomadas<\/a><\/li>\n\t<li class=\"menu-item menu-item-type-taxonomy menu-item-object-product_cat menu-item-176\"><a href=\"https:\/\/eletricaima.com.br\/?product_cat=ferramentas\" class=\"elementor-sub-item\">ferramentas<\/a><\/li>\n\t<li class=\"menu-item menu-item-type-taxonomy menu-item-object-product_cat menu-item-179\"><a href=\"https:\/\/eletricaima.com.br\/?product_cat=automacao\" class=\"elementor-sub-item\">automa\u00e7\u00e3o<\/a><\/li>\n<\/ul>\n<\/li>\n<\/ul><\/nav>\n\t\t\t\t\t<div class=\"elementor-menu-toggle\" role=\"button\" tabindex=\"0\" aria-label=\"Menu Toggle\" aria-expanded=\"false\">\n\t\t\t<i class=\"eicon-menu-bar\" aria-hidden=\"true\"><\/i>\n\t\t\t<span class=\"elementor-screen-only\">Menu<\/span>\n\t\t<\/div>\n\t\t\t<nav class=\"elementor-nav-menu--dropdown elementor-nav-menu__container\" role=\"navigation\" aria-hidden=\"true\"><ul id=\"menu-2-a6ff6d6\" class=\"elementor-nav-menu\"><li class=\"menu-item menu-item-type-post_type menu-item-object-page menu-item-home menu-item-134\"><a href=\"https:\/\/eletricaima.com.br\/\" class=\"elementor-item\">HOME<\/a><\/li>\n<li class=\"menu-item menu-item-type-post_type menu-item-object-page menu-item-453\"><a href=\"https:\/\/eletricaima.com.br\/?page_id=118\" class=\"elementor-item\">LOJA<\/a><\/li>\n<li class=\"menu-item menu-item-type-post_type menu-item-object-page menu-item-132\"><a href=\"https:\/\/eletricaima.com.br\/?page_id=120\" class=\"elementor-item\">FINALIZAR COMPRA<\/a><\/li>\n<li class=\"menu-item menu-item-type-post_type menu-item-object-page menu-item-133\"><a href=\"https:\/\/eletricaima.com.br\/?page_id=119\" class=\"elementor-item\">CARRINHO<\/a><\/li>\n<li class=\"menu-item menu-item-type-custom menu-item-object-custom menu-item-465\"><a href=\"http:\/\/eletricaima.com.br\/?page_id=121&#038;edit-account\" class=\"elementor-item\">MINHA CONTA<\/a><\/li>\n<li class=\"menu-item menu-item-type-custom menu-item-object-custom menu-item-has-children menu-item-175\"><a class=\"elementor-item\">CATEGORIAS<\/a>\n<ul class=\"sub-menu elementor-nav-menu--dropdown\">\n\t<li class=\"menu-item menu-item-type-taxonomy menu-item-object-product_cat menu-item-183\"><a href=\"https:\/\/eletricaima.com.br\/?product_cat=medidores\" class=\"elementor-sub-item\">medidores<\/a><\/li>\n\t<li class=\"menu-item menu-item-type-taxonomy menu-item-object-product_cat menu-item-185\"><a href=\"https:\/\/eletricaima.com.br\/?product_cat=jardim\" class=\"elementor-sub-item\">jardim<\/a><\/li>\n\t<li class=\"menu-item menu-item-type-taxonomy menu-item-object-product_cat menu-item-184\"><a href=\"https:\/\/eletricaima.com.br\/?product_cat=casa\" class=\"elementor-sub-item\">casa<\/a><\/li>\n\t<li class=\"menu-item menu-item-type-taxonomy menu-item-object-product_cat menu-item-182\"><a href=\"https:\/\/eletricaima.com.br\/?product_cat=fitas\" class=\"elementor-sub-item\">fitas<\/a><\/li>\n\t<li class=\"menu-item menu-item-type-taxonomy menu-item-object-product_cat menu-item-181\"><a href=\"https:\/\/eletricaima.com.br\/?product_cat=parafusos\" class=\"elementor-sub-item\">parafusos<\/a><\/li>\n\t<li class=\"menu-item menu-item-type-taxonomy menu-item-object-product_cat menu-item-180\"><a href=\"https:\/\/eletricaima.com.br\/?product_cat=disjuntores\" class=\"elementor-sub-item\">disjuntores<\/a><\/li>\n\t<li class=\"menu-item menu-item-type-taxonomy menu-item-object-product_cat menu-item-178\"><a href=\"https:\/\/eletricaima.com.br\/?product_cat=contatores\" class=\"elementor-sub-item\">contatores<\/a><\/li>\n\t<li class=\"menu-item menu-item-type-taxonomy menu-item-object-product_cat menu-item-177\"><a href=\"https:\/\/eletricaima.com.br\/?product_cat=interruptores-e-tomadas\" class=\"elementor-sub-item\">interruptores e tomadas<\/a><\/li>\n\t<li class=\"menu-item menu-item-type-taxonomy menu-item-object-product_cat menu-item-176\"><a href=\"https:\/\/eletricaima.com.br\/?product_cat=ferramentas\" class=\"elementor-sub-item\">ferramentas<\/a><\/li>\n\t<li class=\"menu-item menu-item-type-taxonomy menu-item-object-product_cat menu-item-179\"><a href=\"https:\/\/eletricaima.com.br\/?product_cat=automacao\" class=\"elementor-sub-item\">automa\u00e7\u00e3o<\/a><\/li>\n<\/ul>\n<\/li>\n<\/ul><\/nav>\n\t\t\t\t<\/div>\n\t\t\t\t<\/div>\n\t\t\t\t\t\t<\/div>\n\t\t\t\t\t<\/div>\n\t\t<\/div>\n\t\t\t\t\t\t\t\t<\/div>\n\t\t\t\t\t<\/div>\n\t\t<\/section>\n\t\t<!--DCE VISIBILITY HIDDEN SECTION START--><!--DCE VISIBILITY HIDDEN SECTION END-->\t\t<section class=\"elementor-section elementor-top-section elementor-element elementor-element-56ebb3e elementor-section-boxed elementor-section-height-default elementor-section-height-default\" data-id=\"56ebb3e\" data-element_type=\"section\" data-settings=\"{&quot;enabled_visibility&quot;:&quot;yes&quot;}\">\n\t\t\t\t\t\t<div class=\"elementor-container elementor-column-gap-default\">\n\t\t\t\t\t\t\t<div class=\"elementor-row\">\n\t\t\t\t\t<div class=\"elementor-column elementor-col-100 elementor-top-column elementor-element elementor-element-d5ef1b2\" data-id=\"d5ef1b2\" data-element_type=\"column\">\n\t\t\t<div class=\"elementor-column-wrap elementor-element-populated\">\n\t\t\t\t\t\t\t<div class=\"elementor-widget-wrap\">\n\t\t\t\t\t\t<div class=\"elementor-element elementor-element-ed1efe4 elementor-widget elementor-widget-heading\" data-id=\"ed1efe4\" data-element_type=\"widget\" data-widget_type=\"heading.default\">\n\t\t\t\t<div class=\"elementor-widget-container\">\n\t\t\t<h2 class=\"elementor-heading-title elementor-size-default\"><a href=\"https:\/\/eletricaima.com.br\/?page_id=121\">SEU CARRINHO DE COMPRAS APARECER\u00c1 APENAS SE ESTIVER LOGADO!<br>CLIQUE AQUI PARA SE REGISTRAR EM NOSSO SITE<\/a><\/h2>\t\t<\/div>\n\t\t\t\t<\/div>\n\t\t\t\t\t\t<\/div>\n\t\t\t\t\t<\/div>\n\t\t<\/div>\n\t\t\t\t\t\t\t\t<\/div>\n\t\t\t\t\t<\/div>\n\t\t<\/section>\n\t\t\t\t\t\t<\/div>\n\t\t\t\t\t\t<\/div>\n\t\t\t\t\t<\/div>\n\t\t","protected":false},"excerpt":{"rendered":"<p>OL\u00c1 ESTE \u00c9 O SEU CARRINHO DE COMPRAS SEU CARRINHO DE COMPRAS APARECER\u00c1 APENAS SE ESTIVER LOGADO!CLIQUE AQUI PARA SE REGISTRAR EM NOSSO SITE<\/p>\n","protected":false},"author":1,"featured_media":0,"parent":0,"menu_order":0,"comment_status":"closed","ping_status":"closed","template":"elementor_canvas","meta":{"spay_email":"","footnotes":""},"class_list":["post-119","page","type-page","status-publish","hentry","entry","owp-thumbs-layout-horizontal","owp-btn-normal","owp-tabs-layout-horizontal","has-no-thumbnails","has-product-nav"],"_links":{"self":[{"href":"https:\/\/eletricaima.com.br\/index.php?rest_route=\/wp\/v2\/pages\/119","targetHints":{"allow":["GET"]}}],"collection":[{"href":"https:\/\/eletricaima.com.br\/index.php?rest_route=\/wp\/v2\/pages"}],"about":[{"href":"https:\/\/eletricaima.com.br\/index.php?rest_route=\/wp\/v2\/types\/page"}],"author":[{"embeddable":true,"href":"https:\/\/eletricaima.com.br\/index.php?rest_route=\/wp\/v2\/users\/1"}],"replies":[{"embeddable":true,"href":"https:\/\/eletricaima.com.br\/index.php?rest_route=%2Fwp%2Fv2%2Fcomments&post=119"}],"version-history":[{"count":30,"href":"https:\/\/eletricaima.com.br\/index.php?rest_route=\/wp\/v2\/pages\/119\/revisions"}],"predecessor-version":[{"id":611,"href":"https:\/\/eletricaima.com.br\/index.php?rest_route=\/wp\/v2\/pages\/119\/revisions\/611"}],"wp:attachment":[{"href":"https:\/\/eletricaima.com.br\/index.php?rest_route=%2Fwp%2Fv2%2Fmedia&parent=119"}],"curies":[{"name":"wp","href":"https:\/\/api.w.org\/{rel}","templated":true}]}}